{"id":60,"date":"2024-06-02T10:47:23","date_gmt":"2024-06-02T08:47:23","guid":{"rendered":"https:\/\/www.a-imz.sk\/?page_id=60"},"modified":"2024-06-03T22:17:13","modified_gmt":"2024-06-03T20:17:13","slug":"website","status":"publish","type":"page","link":"https:\/\/www.a-imz.sk\/","title":{"rendered":"Website"},"content":{"rendered":"<div class=\"webyx-webyx\"><div class=\"webyx-splash\" style=\"z-index:10000;background-color:#FFFFFF\"><\/div><div class=\"webyx-webyx-wrp\">\t\t<div data-elementor-type=\"wp-page\" data-elementor-id=\"60\" class=\"elementor elementor-60\">\n\t\t\t\t<div class=\"webyx-stripe\" data-stripe=\"Welcome\"  data-webyx=\"webyx-fe-fl\"><div  class=\"webyx-main-page webyx-side-page webyx-ovw-hidden webyx-section-3b141df webyx-flex\" data-side-page=\"Welcome\"><style>.webyx-section-3b141df{background-image:url(https:\/\/www.a-imz.sk\/wp-content\/uploads\/2024\/06\/Foto3-scaled.jpg);background-size:cover;background-position:center center;background-repeat:no-repeat;background-attachment:scroll}<\/style><div class=\"webyx-table\"><div class=\"webyx-table-cell-middle\"><div class=\"elementor-element elementor-element-3b141df webyx-section-on webyx-section-front e-flex e-con-boxed e-con e-parent\" data-id=\"3b141df\" data-element_type=\"container\">\n\t\t\t\t\t<div class=\"e-con-inner\">\n\t\t\t\t<div class=\"elementor-element elementor-element-de3278b elementor-widget elementor-widget-heading\" data-id=\"de3278b\" data-element_type=\"widget\" data-widget_type=\"heading.default\">\n\t\t\t\t<div class=\"elementor-widget-container\">\n\t\t\t<style>\/*! elementor - v3.21.0 - 26-05-2024 *\/\n.elementor-heading-title{padding:0;margin:0;line-height:1}.elementor-widget-heading .elementor-heading-title[class*=elementor-size-]>a{color:inherit;font-size:inherit;line-height:inherit}.elementor-widget-heading .elementor-heading-title.elementor-size-small{font-size:15px}.elementor-widget-heading .elementor-heading-title.elementor-size-medium{font-size:19px}.elementor-widget-heading .elementor-heading-title.elementor-size-large{font-size:29px}.elementor-widget-heading .elementor-heading-title.elementor-size-xl{font-size:39px}.elementor-widget-heading .elementor-heading-title.elementor-size-xxl{font-size:59px}<\/style><h2 class=\"elementor-heading-title elementor-size-default\">Vitajte na str\u00e1nkach AMaZIng Events<\/h2>\t\t<\/div>\n\t\t\t\t<\/div>\n\t\t<div class=\"elementor-element elementor-element-7f0de4a e-grid e-con-boxed e-con e-child\" data-id=\"7f0de4a\" data-element_type=\"container\">\n\t\t\t\t\t<div class=\"e-con-inner\">\n\t\t\t\t<div class=\"elementor-element elementor-element-ea91e0f elementor-widget elementor-widget-text-editor\" data-id=\"ea91e0f\" data-element_type=\"widget\" data-widget_type=\"text-editor.default\">\n\t\t\t\t<div class=\"elementor-widget-container\">\n\t\t\t<style>\/*! elementor - v3.21.0 - 26-05-2024 *\/\n.elementor-widget-text-editor.elementor-drop-cap-view-stacked .elementor-drop-cap{background-color:#69727d;color:#fff}.elementor-widget-text-editor.elementor-drop-cap-view-framed .elementor-drop-cap{color:#69727d;border:3px solid;background-color:transparent}.elementor-widget-text-editor:not(.elementor-drop-cap-view-default) .elementor-drop-cap{margin-top:8px}.elementor-widget-text-editor:not(.elementor-drop-cap-view-default) .elementor-drop-cap-letter{width:1em;height:1em}.elementor-widget-text-editor .elementor-drop-cap{float:left;text-align:center;line-height:1;font-size:50px}.elementor-widget-text-editor .elementor-drop-cap-letter{display:inline-block}<\/style>\t\t\t\t<p>Sme reklamn\u00e1 agent\u00fara s viac ako 15-ro\u010dn\u00fdmi sk\u00fasenos\u0165ami v oblasti event marketingu.<\/p><p>Vytv\u00e1rame marketingov\u00e9 projekty na mieru, pri\u010dom zoh\u013ead\u0148ujeme obchodn\u00e9 pl\u00e1ny a marketingov\u00e9 z\u00e1mery na\u0161ich klientov. V\u0161etko, \u010do navrhneme, d\u00f4kladne zrealizujeme a dotiahneme do najmen\u0161\u00edch detailov.<\/p><p>Zabezpe\u010dujeme a realizujeme eventy zameran\u00e9 na zv\u00fd\u0161enie povedomia alebo posilnenie image spolo\u010dnosti a jej produktov. V\u0161etky aktivity, ktor\u00e9 pon\u00fakame, pripravujeme na k\u013e\u00fa\u010d, aby sme vyhoveli \u0161pecifick\u00fdm po\u017eiadavk\u00e1m z\u00e1kazn\u00edka.<\/p><p>Pri komunik\u00e1cii s klientmi je pre n\u00e1s prvorad\u00e1 kvalita a efektivita pr\u00e1ce. Na\u0161e slu\u017eby pon\u00fakame od n\u00e1vrhu, organiz\u00e1cie a technickej a produk\u010dnej podpory a\u017e po zabezpe\u010denie tla\u010dov\u00edn, reklamn\u00fdch predmetov a propaga\u010dn\u00fdch materi\u00e1lov.<\/p>\t\t\t\t\t\t<\/div>\n\t\t\t\t<\/div>\n\t\t\t\t<div class=\"elementor-element elementor-element-db80b45 elementor-widget elementor-widget-text-editor\" data-id=\"db80b45\" data-element_type=\"widget\" data-widget_type=\"text-editor.default\">\n\t\t\t\t<div class=\"elementor-widget-container\">\n\t\t\t\t\t\t\t<p>Od n\u00e1padu a\u017e po realiz\u00e1ciu dod\u00e1me:<\/p><ul><li>kreat\u00edvny n\u00e1vrh konceptu podujatia<\/li><li>v\u00fdber a zabezpe\u010denie vhodn\u00e9ho priestoru, ubytovanie pre host\u00ed<\/li><li>grafick\u00e9 n\u00e1vrhy pozv\u00e1nok<\/li><li>akredit\u00e1cie podujat\u00ed<\/li><li>tla\u010doviny, roll up bannery<\/li><li>kompletn\u00e9 technicko organiza\u010dn\u00e9 zabezpe\u010denie podujat\u00ed vr\u00e1tane prezenta\u010dnej techniky, ozvu\u010denia, osvetlenia, alebo tlmo\u010dn\u00edckych zariaden\u00ed<\/li><li>zabezpe\u010denie cateringu<\/li><li>pren\u00e1jom party stanov<\/li><li>n\u00e1vrhy a dodanie dar\u010dekov\u00fdch predmetov<\/li><li>n\u00e1vrh a zabezpe\u010denie \u00fa\u010dinkuj\u00facich a moder\u00e1torov<\/li><li>hostessing<\/li><li>zabezpe\u010denie a vybavenie propaga\u010dn\u00fdch st\u00e1nkov na kongresoch, v\u00fdstav\u00e1ch, ve\u013etrhoch<\/li><\/ul>\t\t\t\t\t\t<\/div>\n\t\t\t\t<\/div>\n\t\t\t\t\t<\/div>\n\t\t\t\t<\/div>\n\t\t\t\t\t<\/div>\n\t\t\t\t<\/div>\n\t\t<\/div><\/div><\/div><\/div><div class=\"webyx-stripe\" data-stripe=\"References\"  data-webyx=\"webyx-fe-fl\"><div  class=\"webyx-main-page webyx-side-page webyx-ovw-hidden webyx-section-c7176c3 webyx-flex\" data-side-page=\"References\"><style>.webyx-section-c7176c3{background-image:url(https:\/\/www.a-imz.sk\/wp-content\/uploads\/2024\/06\/Foto2-scaled.jpg);background-size:cover;background-position:center center;background-repeat:no-repeat;background-attachment:scroll}<\/style><div class=\"elementor-element elementor-element-c7176c3 webyx-section-on webyx-section-front e-flex e-con-boxed e-con e-parent\" data-id=\"c7176c3\" data-element_type=\"container\">\n\t\t\t\t\t<div class=\"e-con-inner\">\n\t\t\t\t<div class=\"elementor-element elementor-element-2fcb330 elementor-widget elementor-widget-heading\" data-id=\"2fcb330\" data-element_type=\"widget\" data-widget_type=\"heading.default\">\n\t\t\t\t<div class=\"elementor-widget-container\">\n\t\t\t<h2 class=\"elementor-heading-title elementor-size-default\">Referencie<\/h2>\t\t<\/div>\n\t\t\t\t<\/div>\n\t\t<div class=\"elementor-element elementor-element-c73ba95 e-grid e-con-full e-con e-child\" data-id=\"c73ba95\" data-element_type=\"container\">\n\t\t\t\t<div class=\"elementor-element elementor-element-67a4cb1 elementor-widget elementor-widget-image\" data-id=\"67a4cb1\" data-element_type=\"widget\" data-widget_type=\"image.default\">\n\t\t\t\t<div class=\"elementor-widget-container\">\n\t\t\t<style>\/*! elementor - v3.21.0 - 26-05-2024 *\/\n.elementor-widget-image{text-align:center}.elementor-widget-image a{display:inline-block}.elementor-widget-image a img[src$=\".svg\"]{width:48px}.elementor-widget-image img{vertical-align:middle;display:inline-block}<\/style>\t\t\t\t\t\t\t\t\t\t<img fetchpriority=\"high\" decoding=\"async\" width=\"800\" height=\"496\" src=\"https:\/\/www.a-imz.sk\/wp-content\/uploads\/2024\/06\/Tev-1024x635.png\" class=\"attachment-large size-large wp-image-99\" alt=\"\" srcset=\"https:\/\/www.a-imz.sk\/wp-content\/uploads\/2024\/06\/Tev-1024x635.png 1024w, https:\/\/www.a-imz.sk\/wp-content\/uploads\/2024\/06\/Tev-300x186.png 300w, https:\/\/www.a-imz.sk\/wp-content\/uploads\/2024\/06\/Tev-768x476.png 768w, https:\/\/www.a-imz.sk\/wp-content\/uploads\/2024\/06\/Tev.png 1200w\" sizes=\"(max-width: 800px) 100vw, 800px\" \/>\t\t\t\t\t\t\t\t\t\t\t\t\t<\/div>\n\t\t\t\t<\/div>\n\t\t\t\t<div class=\"elementor-element elementor-element-5eac5a3 elementor-widget elementor-widget-image\" data-id=\"5eac5a3\" data-element_type=\"widget\" data-widget_type=\"image.default\">\n\t\t\t\t<div class=\"elementor-widget-container\">\n\t\t\t\t\t\t\t\t\t\t\t\t\t<img decoding=\"async\" width=\"660\" height=\"196\" src=\"https:\/\/www.a-imz.sk\/wp-content\/uploads\/2024\/06\/at_rgb.png\" class=\"attachment-large size-large wp-image-103\" alt=\"\" srcset=\"https:\/\/www.a-imz.sk\/wp-content\/uploads\/2024\/06\/at_rgb.png 660w, https:\/\/www.a-imz.sk\/wp-content\/uploads\/2024\/06\/at_rgb-300x89.png 300w\" sizes=\"(max-width: 660px) 100vw, 660px\" \/>\t\t\t\t\t\t\t\t\t\t\t\t\t<\/div>\n\t\t\t\t<\/div>\n\t\t\t\t<div class=\"elementor-element elementor-element-5927281 elementor-widget elementor-widget-image\" data-id=\"5927281\" data-element_type=\"widget\" data-widget_type=\"image.default\">\n\t\t\t\t<div class=\"elementor-widget-container\">\n\t\t\t\t\t\t\t\t\t\t\t\t\t<img decoding=\"async\" width=\"233\" height=\"233\" src=\"https:\/\/www.a-imz.sk\/wp-content\/uploads\/2024\/06\/kj.jpg\" class=\"attachment-large size-large wp-image-98\" alt=\"\" srcset=\"https:\/\/www.a-imz.sk\/wp-content\/uploads\/2024\/06\/kj.jpg 233w, https:\/\/www.a-imz.sk\/wp-content\/uploads\/2024\/06\/kj-150x150.jpg 150w\" sizes=\"(max-width: 233px) 100vw, 233px\" \/>\t\t\t\t\t\t\t\t\t\t\t\t\t<\/div>\n\t\t\t\t<\/div>\n\t\t\t\t<div class=\"elementor-element elementor-element-357b318 elementor-widget__width-auto elementor-widget elementor-widget-image\" data-id=\"357b318\" data-element_type=\"widget\" data-widget_type=\"image.default\">\n\t\t\t\t<div class=\"elementor-widget-container\">\n\t\t\t\t\t\t\t\t\t\t\t\t\t<img loading=\"lazy\" decoding=\"async\" width=\"800\" height=\"420\" src=\"https:\/\/www.a-imz.sk\/wp-content\/uploads\/2024\/06\/mcar-1024x538.png\" class=\"attachment-large size-large wp-image-101\" alt=\"\" srcset=\"https:\/\/www.a-imz.sk\/wp-content\/uploads\/2024\/06\/mcar-1024x538.png 1024w, https:\/\/www.a-imz.sk\/wp-content\/uploads\/2024\/06\/mcar-300x158.png 300w, https:\/\/www.a-imz.sk\/wp-content\/uploads\/2024\/06\/mcar-768x403.png 768w, https:\/\/www.a-imz.sk\/wp-content\/uploads\/2024\/06\/mcar.png 1200w\" sizes=\"(max-width: 800px) 100vw, 800px\" \/>\t\t\t\t\t\t\t\t\t\t\t\t\t<\/div>\n\t\t\t\t<\/div>\n\t\t\t\t<div class=\"elementor-element elementor-element-dc1023b elementor-widget elementor-widget-image\" data-id=\"dc1023b\" data-element_type=\"widget\" data-widget_type=\"image.default\">\n\t\t\t\t<div class=\"elementor-widget-container\">\n\t\t\t\t\t\t\t\t\t\t\t\t\t<img loading=\"lazy\" decoding=\"async\" width=\"800\" height=\"273\" src=\"https:\/\/www.a-imz.sk\/wp-content\/uploads\/2024\/06\/rmg-1-1024x350.png\" class=\"attachment-large size-large wp-image-105\" alt=\"\" srcset=\"https:\/\/www.a-imz.sk\/wp-content\/uploads\/2024\/06\/rmg-1-1024x350.png 1024w, https:\/\/www.a-imz.sk\/wp-content\/uploads\/2024\/06\/rmg-1-300x103.png 300w, https:\/\/www.a-imz.sk\/wp-content\/uploads\/2024\/06\/rmg-1-768x263.png 768w, https:\/\/www.a-imz.sk\/wp-content\/uploads\/2024\/06\/rmg-1-1536x525.png 1536w, https:\/\/www.a-imz.sk\/wp-content\/uploads\/2024\/06\/rmg-1.png 1772w\" sizes=\"(max-width: 800px) 100vw, 800px\" \/>\t\t\t\t\t\t\t\t\t\t\t\t\t<\/div>\n\t\t\t\t<\/div>\n\t\t\t\t<div class=\"elementor-element elementor-element-581fcfb elementor-widget elementor-widget-image\" data-id=\"581fcfb\" data-element_type=\"widget\" data-widget_type=\"image.default\">\n\t\t\t\t<div class=\"elementor-widget-container\">\n\t\t\t\t\t\t\t\t\t\t\t\t\t<img loading=\"lazy\" decoding=\"async\" width=\"800\" height=\"800\" src=\"https:\/\/www.a-imz.sk\/wp-content\/uploads\/2024\/06\/lgr-1-1024x1024.png\" class=\"attachment-large size-large wp-image-108\" alt=\"\" srcset=\"https:\/\/www.a-imz.sk\/wp-content\/uploads\/2024\/06\/lgr-1-1024x1024.png 1024w, https:\/\/www.a-imz.sk\/wp-content\/uploads\/2024\/06\/lgr-1-300x300.png 300w, https:\/\/www.a-imz.sk\/wp-content\/uploads\/2024\/06\/lgr-1-150x150.png 150w, https:\/\/www.a-imz.sk\/wp-content\/uploads\/2024\/06\/lgr-1-768x768.png 768w, https:\/\/www.a-imz.sk\/wp-content\/uploads\/2024\/06\/lgr-1-1536x1536.png 1536w, https:\/\/www.a-imz.sk\/wp-content\/uploads\/2024\/06\/lgr-1-2048x2048.png 2048w\" sizes=\"(max-width: 800px) 100vw, 800px\" \/>\t\t\t\t\t\t\t\t\t\t\t\t\t<\/div>\n\t\t\t\t<\/div>\n\t\t\t\t<\/div>\n\t\t\t\t\t<\/div>\n\t\t\t\t<\/div>\n\t\t<\/div><\/div><div class=\"webyx-stripe\" data-stripe=\"Kontakt\"  data-webyx=\"webyx-fe-fl\"><div  class=\"webyx-main-page webyx-side-page webyx-ovw-hidden webyx-section-0b62a31 webyx-flex\" data-side-page=\"Kontakt\"><style>.webyx-section-0b62a31{background-image:url(https:\/\/www.a-imz.sk\/wp-content\/uploads\/2024\/06\/Referencie.jpg);background-size:cover;background-position:center center;background-repeat:no-repeat;background-attachment:scroll}<\/style><div class=\"elementor-element elementor-element-0b62a31 webyx-section-on webyx-section-front e-flex e-con-boxed e-con e-parent\" data-id=\"0b62a31\" data-element_type=\"container\">\n\t\t\t\t\t<div class=\"e-con-inner\">\n\t\t\t\t<div class=\"elementor-element elementor-element-60e01da elementor-widget elementor-widget-heading\" data-id=\"60e01da\" data-element_type=\"widget\" data-widget_type=\"heading.default\">\n\t\t\t\t<div class=\"elementor-widget-container\">\n\t\t\t<h2 class=\"elementor-heading-title elementor-size-default\">Kontakt<\/h2>\t\t<\/div>\n\t\t\t\t<\/div>\n\t\t\t\t<div class=\"elementor-element elementor-element-77c7f14 elementor-widget__width-initial elementor-view-default elementor-widget elementor-widget-icon\" data-id=\"77c7f14\" data-element_type=\"widget\" data-widget_type=\"icon.default\">\n\t\t\t\t<div class=\"elementor-widget-container\">\n\t\t\t\t\t<div class=\"elementor-icon-wrapper\">\n\t\t\t<a class=\"elementor-icon\" href=\"\">\n\t\t\t<svg aria-hidden=\"true\" class=\"e-font-icon-svg e-fas-mail-bulk\" viewBox=\"0 0 576 512\" xmlns=\"http:\/\/www.w3.org\/2000\/svg\"><path d=\"M160 448c-25.6 0-51.2-22.4-64-32-64-44.8-83.2-60.8-96-70.4V480c0 17.67 14.33 32 32 32h256c17.67 0 32-14.33 32-32V345.6c-12.8 9.6-32 25.6-96 70.4-12.8 9.6-38.4 32-64 32zm128-192H32c-17.67 0-32 14.33-32 32v16c25.6 19.2 22.4 19.2 115.2 86.4 9.6 6.4 28.8 25.6 44.8 25.6s35.2-19.2 44.8-22.4c92.8-67.2 89.6-67.2 115.2-86.4V288c0-17.67-14.33-32-32-32zm256-96H224c-17.67 0-32 14.33-32 32v32h96c33.21 0 60.59 25.42 63.71 57.82l.29-.22V416h192c17.67 0 32-14.33 32-32V192c0-17.67-14.33-32-32-32zm-32 128h-64v-64h64v64zm-352-96c0-35.29 28.71-64 64-64h224V32c0-17.67-14.33-32-32-32H96C78.33 0 64 14.33 64 32v192h96v-32z\"><\/path><\/svg>\t\t\t<\/a>\n\t\t<\/div>\n\t\t\t\t<\/div>\n\t\t\t\t<\/div>\n\t\t\t\t<div class=\"elementor-element elementor-element-7e90e3c elementor-widget elementor-widget-text-editor\" data-id=\"7e90e3c\" data-element_type=\"widget\" data-widget_type=\"text-editor.default\">\n\t\t\t\t<div class=\"elementor-widget-container\">\n\t\t\t\t\t\t\t<h4>A &#8211; IMZ s.r.o.<br \/>Lipov\u00e1 2610\/24<br \/>900 28 Ivanka pri Dunaji<\/h4><h4>mail: info@a-imz.sk<\/h4>\t\t\t\t\t\t<\/div>\n\t\t\t\t<\/div>\n\t\t\t\t\t<\/div>\n\t\t\t\t<\/div>\n\t\t<\/div>\t\t<\/div>\n\t\t<\/div><\/div><script>var wbySet={\"av\":true,\"avf\":false,\"avvd\":false,\"nvvw\":true,\"iwhf\":false,\"dv\":false,\"dvp\":\"right\",\"dtv\":false,\"dtvcp\":false,\"dh\":false,\"dhp\":\"bottom\",\"dhs\":false,\"dth\":false,\"dthcp\":false,\"fsb\":false,\"fsp\":\"right\",\"kn\":false,\"fdskm\":false,\"ilsctmen\":false,\"ilscsi\":false,\"ilsctm\":1}<\/script><style>.webyx-slide-viewport-dsk{transition:left 900ms cubic-bezier(0.64,0,0.34,1),top 900ms cubic-bezier(0.64,0,0.34,1)}.webyx-slide-viewport-mobile{transition:left 300ms cubic-bezier(0.64,0,0.34,1),top 300ms cubic-bezier(0.64,0,0.34,1)}<\/style><style>.webyx-arrow-viewport-icon{width:20px;height:20px}.webyx-arrow-viewport-icon-bottom,.webyx-arrow-viewport-icon-top,.webyx-arrow-viewport-icon-left,.webyx-arrow-viewport-icon-right{margin-left:-12px}.webyx-arrow-viewport-icon-borders{border-top-width:4px;border-right-width:4px}.webyx-arrow-viewport{width:150px;height:70px}.webyx-arrow-viewport-top{margin-left:-75px}.webyx-arrow-viewport-right{right:-40px;margin-top:-35px}.webyx-arrow-viewport-bottom{margin-left:-75px}.webyx-arrow-viewport-left{left:-40px;margin-top:-35px}.webyx-arrow-viewport-icon-borders{border-top-color:#FFFFFF;border-right-color:#FFFFFF}.webyx-arrow-viewport-icon-borders-fixed{border-top-color:#FFFFFF;border-right-color:#FFFFFF}.webyx-arrow-viewport-icon-borders-visible{border-top-color:#FFFFFF;border-right-color:#FFFFFF}.webyx-arrow-viewport-icon-borders-fixed{border-top-color:#00000066;border-right-color:#00000066}.webyx-arrow-viewport-icon-borders-visible{border-top-color:#FFFFFF;border-right-color:#FFFFFF}<\/style><style>.webyx-nav-vt-dsk .webyx-dots-wrapper-vt-dsk .webyx-dot-tt-vt-dsk-right{right:25px}.webyx-nav-vt-dsk .webyx-dots-wrapper-vt-dsk .webyx-dot-tt-vt-dsk-left{left:25px}.webyx-nav-vt-dsk .webyx-dots-wrapper-vt-dsk .webyx-dot-wrapper-vt-dsk:hover .webyx-dot-vt-dsk{background-color:#00000066}.webyx-nav-vt-dsk .webyx-dots-wrapper-vt-dsk .webyx-dot-wrapper-vt-dsk .webyx-dot-current-vt-dsk{background-color:#000000}.webyx-nav-hz-dsk .webyx-dots-wrapper-hz-dsk .webyx-dot-wrapper-hz-dsk .webyx-dot-hz-dsk{background-color:#00000066}.webyx-nav-hz-dsk .webyx-dots-wrapper-hz-dsk .webyx-dot-wrapper-hz-dsk .webyx-dot-current-hz-dsk{background-color:#000000}.webyx-nav-vt-mob .webyx-dots-wrapper-vt-mob .webyx-dot-wrapper-vt-mob .webyx-dot-vt-mob{top:8px;left:8px;background-color:#00000066}.webyx-nav-vt-mob .webyx-dots-wrapper-vt-mob .webyx-dot-wrapper-vt-mob .webyx-dot-current-vt-mob{background-color:#000000}.webyx-nav-hz-mob .webyx-dots-wrapper-hz-mob .webyx-dot-wrapper-hz-mob .webyx-dot-hz-mob{top:8px;left:8px;background-color:#00000066}.webyx-nav-hz-mob .webyx-dots-wrapper-hz-mob .webyx-dot-wrapper-hz-mob .webyx-dot-current-hz-mob{background-color:#000000}.webyx-nav-vt-dsk .webyx-dots-wrapper-vt-dsk .webyx-dot-wrapper-vt-dsk:hover .webyx-dot-current-vt-dsk,.webyx-nav-vt-dsk .webyx-dots-wrapper-vt-dsk .webyx-dot-wrapper-vt-dsk:hover .webyx-dot-current-vt-dsk+.webyx-dot-tt-vt-dsk, .webyx-nav-hz-dsk .webyx-dots-wrapper-hz-dsk .webyx-dot-wrapper-hz-dsk:hover .webyx-dot-current-hz-dsk,.webyx-nav-hz-dsk .webyx-dots-wrapper-hz-dsk .webyx-dot-wrapper-hz-dsk:hover .webyx-dot-current-hz-dsk+.webyx-dot-tt-hz-dsk,.webyx-nav-vt-dsk .webyx-dots-wrapper-vt-dsk .webyx-dot-current-vt-persistent-dsk, .webyx-nav-hz-dsk .webyx-dots-wrapper-hz-dsk .webyx-dot-current-hz-persistent-dsk{color:#000000}.webyx-nav-vt-dsk .webyx-dots-wrapper-vt-dsk .webyx-dot-wrapper-vt-dsk:hover .webyx-dot-current-vt-dsk,.webyx-nav-vt-dsk .webyx-dots-wrapper-vt-dsk .webyx-dot-wrapper-vt-dsk:hover .webyx-dot-tt-vt-dsk,.webyx-nav-hz-dsk .webyx-dots-wrapper-hz-dsk .webyx-dot-wrapper-hz-dsk:hover .webyx-dot-current-hz-dsk,.webyx-nav-hz-dsk .webyx-dots-wrapper-hz-dsk .webyx-dot-wrapper-hz-dsk:hover .webyx-dot-tt-hz-dsk{color:#00000066}<\/style>","protected":false},"excerpt":{"rendered":"<p>Vitajte na str\u00e1nkach AMaZIng Events Sme reklamn\u00e1 agent\u00fara s viac ako 15-ro\u010dn\u00fdmi sk\u00fasenos\u0165ami v oblasti event marketingu. Vytv\u00e1rame marketingov\u00e9 projekty na mieru, pri\u010dom zoh\u013ead\u0148ujeme obchodn\u00e9 pl\u00e1ny a marketingov\u00e9 z\u00e1mery na\u0161ich klientov. V\u0161etko, \u010do navrhneme, d\u00f4kladne zrealizujeme a dotiahneme do najmen\u0161\u00edch detailov. Zabezpe\u010dujeme a realizujeme eventy zameran\u00e9 na zv\u00fd\u0161enie povedomia alebo posilnenie image spolo\u010dnosti a jej [&hellip;]<\/p>\n","protected":false},"author":1,"featured_media":0,"parent":0,"menu_order":0,"comment_status":"closed","ping_status":"closed","template":"templates\/page-webyx-fe.php","meta":{"_monsterinsights_skip_tracking":false,"_monsterinsights_sitenote_active":false,"_monsterinsights_sitenote_note":"","_monsterinsights_sitenote_category":0,"footnotes":""},"yoast_head":"<!-- This site is optimized with the Yoast SEO plugin v22.8 - https:\/\/yoast.com\/wordpress\/plugins\/seo\/ -->\n<title>Website - AMaZIngEvents<\/title>\n<meta name=\"robots\" content=\"index, follow, max-snippet:-1, max-image-preview:large, max-video-preview:-1\" \/>\n<link rel=\"canonical\" href=\"https:\/\/www.a-imz.sk\/\" \/>\n<meta property=\"og:locale\" content=\"sk_SK\" \/>\n<meta property=\"og:type\" content=\"article\" \/>\n<meta property=\"og:title\" content=\"Website - AMaZIngEvents\" \/>\n<meta property=\"og:description\" content=\"Vitajte na str\u00e1nkach AMaZIng Events Sme reklamn\u00e1 agent\u00fara s viac ako 15-ro\u010dn\u00fdmi sk\u00fasenos\u0165ami v oblasti event marketingu. Vytv\u00e1rame marketingov\u00e9 projekty na mieru, pri\u010dom zoh\u013ead\u0148ujeme obchodn\u00e9 pl\u00e1ny a marketingov\u00e9 z\u00e1mery na\u0161ich klientov. V\u0161etko, \u010do navrhneme, d\u00f4kladne zrealizujeme a dotiahneme do najmen\u0161\u00edch detailov. Zabezpe\u010dujeme a realizujeme eventy zameran\u00e9 na zv\u00fd\u0161enie povedomia alebo posilnenie image spolo\u010dnosti a jej [&hellip;]\" \/>\n<meta property=\"og:url\" content=\"https:\/\/www.a-imz.sk\/\" \/>\n<meta property=\"og:site_name\" content=\"AMaZIngEvents\" \/>\n<meta property=\"article:modified_time\" content=\"2024-06-03T20:17:13+00:00\" \/>\n<meta property=\"og:image\" content=\"https:\/\/www.a-imz.sk\/wp-content\/uploads\/2024\/06\/Tev-1024x635.png\" \/>\n<meta name=\"twitter:card\" content=\"summary_large_image\" \/>\n<meta name=\"twitter:label1\" content=\"Predpokladan\u00fd \u010das \u010d\u00edtania\" \/>\n\t<meta name=\"twitter:data1\" content=\"3 min\u00faty\" \/>\n<script type=\"application\/ld+json\" class=\"yoast-schema-graph\">{\"@context\":\"https:\/\/schema.org\",\"@graph\":[{\"@type\":\"WebPage\",\"@id\":\"https:\/\/www.a-imz.sk\/\",\"url\":\"https:\/\/www.a-imz.sk\/\",\"name\":\"Website - AMaZIngEvents\",\"isPartOf\":{\"@id\":\"https:\/\/www.a-imz.sk\/#website\"},\"primaryImageOfPage\":{\"@id\":\"https:\/\/www.a-imz.sk\/#primaryimage\"},\"image\":{\"@id\":\"https:\/\/www.a-imz.sk\/#primaryimage\"},\"thumbnailUrl\":\"https:\/\/www.a-imz.sk\/wp-content\/uploads\/2024\/06\/Tev-1024x635.png\",\"datePublished\":\"2024-06-02T08:47:23+00:00\",\"dateModified\":\"2024-06-03T20:17:13+00:00\",\"breadcrumb\":{\"@id\":\"https:\/\/www.a-imz.sk\/#breadcrumb\"},\"inLanguage\":\"sk-SK\",\"potentialAction\":[{\"@type\":\"ReadAction\",\"target\":[\"https:\/\/www.a-imz.sk\/\"]}]},{\"@type\":\"ImageObject\",\"inLanguage\":\"sk-SK\",\"@id\":\"https:\/\/www.a-imz.sk\/#primaryimage\",\"url\":\"https:\/\/www.a-imz.sk\/wp-content\/uploads\/2024\/06\/Tev.png\",\"contentUrl\":\"https:\/\/www.a-imz.sk\/wp-content\/uploads\/2024\/06\/Tev.png\",\"width\":1200,\"height\":744},{\"@type\":\"BreadcrumbList\",\"@id\":\"https:\/\/www.a-imz.sk\/#breadcrumb\",\"itemListElement\":[{\"@type\":\"ListItem\",\"position\":1,\"name\":\"Home\",\"item\":\"https:\/\/www.a-imz.sk\/\"},{\"@type\":\"ListItem\",\"position\":2,\"name\":\"Website\"}]},{\"@type\":\"WebSite\",\"@id\":\"https:\/\/www.a-imz.sk\/#website\",\"url\":\"https:\/\/www.a-imz.sk\/\",\"name\":\"AMaZIngEvents\",\"description\":\"Eventy s\u00fa na\u0161ou v\u00e1\u0161\u0148ou.\",\"potentialAction\":[{\"@type\":\"SearchAction\",\"target\":{\"@type\":\"EntryPoint\",\"urlTemplate\":\"https:\/\/www.a-imz.sk\/?s={search_term_string}\"},\"query-input\":\"required name=search_term_string\"}],\"inLanguage\":\"sk-SK\"}]}<\/script>\n<!-- \/ Yoast SEO plugin. -->","yoast_head_json":{"title":"Website - AMaZIngEvents","robots":{"index":"index","follow":"follow","max-snippet":"max-snippet:-1","max-image-preview":"max-image-preview:large","max-video-preview":"max-video-preview:-1"},"canonical":"https:\/\/www.a-imz.sk\/","og_locale":"sk_SK","og_type":"article","og_title":"Website - AMaZIngEvents","og_description":"Vitajte na str\u00e1nkach AMaZIng Events Sme reklamn\u00e1 agent\u00fara s viac ako 15-ro\u010dn\u00fdmi sk\u00fasenos\u0165ami v oblasti event marketingu. Vytv\u00e1rame marketingov\u00e9 projekty na mieru, pri\u010dom zoh\u013ead\u0148ujeme obchodn\u00e9 pl\u00e1ny a marketingov\u00e9 z\u00e1mery na\u0161ich klientov. V\u0161etko, \u010do navrhneme, d\u00f4kladne zrealizujeme a dotiahneme do najmen\u0161\u00edch detailov. Zabezpe\u010dujeme a realizujeme eventy zameran\u00e9 na zv\u00fd\u0161enie povedomia alebo posilnenie image spolo\u010dnosti a jej [&hellip;]","og_url":"https:\/\/www.a-imz.sk\/","og_site_name":"AMaZIngEvents","article_modified_time":"2024-06-03T20:17:13+00:00","og_image":[{"url":"https:\/\/www.a-imz.sk\/wp-content\/uploads\/2024\/06\/Tev-1024x635.png"}],"twitter_card":"summary_large_image","twitter_misc":{"Predpokladan\u00fd \u010das \u010d\u00edtania":"3 min\u00faty"},"schema":{"@context":"https:\/\/schema.org","@graph":[{"@type":"WebPage","@id":"https:\/\/www.a-imz.sk\/","url":"https:\/\/www.a-imz.sk\/","name":"Website - AMaZIngEvents","isPartOf":{"@id":"https:\/\/www.a-imz.sk\/#website"},"primaryImageOfPage":{"@id":"https:\/\/www.a-imz.sk\/#primaryimage"},"image":{"@id":"https:\/\/www.a-imz.sk\/#primaryimage"},"thumbnailUrl":"https:\/\/www.a-imz.sk\/wp-content\/uploads\/2024\/06\/Tev-1024x635.png","datePublished":"2024-06-02T08:47:23+00:00","dateModified":"2024-06-03T20:17:13+00:00","breadcrumb":{"@id":"https:\/\/www.a-imz.sk\/#breadcrumb"},"inLanguage":"sk-SK","potentialAction":[{"@type":"ReadAction","target":["https:\/\/www.a-imz.sk\/"]}]},{"@type":"ImageObject","inLanguage":"sk-SK","@id":"https:\/\/www.a-imz.sk\/#primaryimage","url":"https:\/\/www.a-imz.sk\/wp-content\/uploads\/2024\/06\/Tev.png","contentUrl":"https:\/\/www.a-imz.sk\/wp-content\/uploads\/2024\/06\/Tev.png","width":1200,"height":744},{"@type":"BreadcrumbList","@id":"https:\/\/www.a-imz.sk\/#breadcrumb","itemListElement":[{"@type":"ListItem","position":1,"name":"Home","item":"https:\/\/www.a-imz.sk\/"},{"@type":"ListItem","position":2,"name":"Website"}]},{"@type":"WebSite","@id":"https:\/\/www.a-imz.sk\/#website","url":"https:\/\/www.a-imz.sk\/","name":"AMaZIngEvents","description":"Eventy s\u00fa na\u0161ou v\u00e1\u0161\u0148ou.","potentialAction":[{"@type":"SearchAction","target":{"@type":"EntryPoint","urlTemplate":"https:\/\/www.a-imz.sk\/?s={search_term_string}"},"query-input":"required name=search_term_string"}],"inLanguage":"sk-SK"}]}},"_links":{"self":[{"href":"https:\/\/www.a-imz.sk\/index.php?rest_route=\/wp\/v2\/pages\/60"}],"collection":[{"href":"https:\/\/www.a-imz.sk\/index.php?rest_route=\/wp\/v2\/pages"}],"about":[{"href":"https:\/\/www.a-imz.sk\/index.php?rest_route=\/wp\/v2\/types\/page"}],"author":[{"embeddable":true,"href":"https:\/\/www.a-imz.sk\/index.php?rest_route=\/wp\/v2\/users\/1"}],"replies":[{"embeddable":true,"href":"https:\/\/www.a-imz.sk\/index.php?rest_route=%2Fwp%2Fv2%2Fcomments&post=60"}],"version-history":[{"count":6,"href":"https:\/\/www.a-imz.sk\/index.php?rest_route=\/wp\/v2\/pages\/60\/revisions"}],"predecessor-version":[{"id":223,"href":"https:\/\/www.a-imz.sk\/index.php?rest_route=\/wp\/v2\/pages\/60\/revisions\/223"}],"wp:attachment":[{"href":"https:\/\/www.a-imz.sk\/index.php?rest_route=%2Fwp%2Fv2%2Fmedia&parent=60"}],"curies":[{"name":"wp","href":"https:\/\/api.w.org\/{rel}","templated":true}]}}